{"id":18,"date":"2024-10-01T09:41:33","date_gmt":"2024-10-01T09:41:33","guid":{"rendered":"https:\/\/barmadariaga.rkinformatika.online\/?page_id=18"},"modified":"2024-11-19T15:00:59","modified_gmt":"2024-11-19T15:00:59","slug":"servicios","status":"publish","type":"page","link":"https:\/\/pubelcallejonillescas.com\/en\/servicios\/","title":{"rendered":"Services"},"content":{"rendered":"<div data-elementor-type=\"wp-page\" data-elementor-id=\"18\" class=\"elementor elementor-18\" data-elementor-post-type=\"page\">\n\t\t\t\t\t\t<section class=\"elementor-section elementor-top-section elementor-element elementor-element-65c428ca elementor-section-boxed elementor-section-height-default elementor-section-height-default\" data-id=\"65c428ca\" data-element_type=\"section\" data-e-type=\"section\">\n\t\t\t\t\t\t\t<div class=\"elementor-background-overlay\"><\/div>\n\t\t\t\t\t\t\t<div class=\"elementor-container elementor-column-gap-default\">\n\t\t\t\t\t<div class=\"elementor-column elementor-col-100 elementor-top-column elementor-element elementor-element-1c5c90b3\" data-id=\"1c5c90b3\" data-element_type=\"column\" data-e-type=\"column\">\n\t\t\t<div class=\"elementor-widget-wrap elementor-element-populated\">\n\t\t\t\t\t\t<section class=\"elementor-section elementor-inner-section elementor-element elementor-element-a4089f0 elementor-section-boxed elementor-section-height-default elementor-section-height-default elementor-invisible\" data-id=\"a4089f0\" data-element_type=\"section\" data-e-type=\"section\" data-settings=\"{&quot;animation&quot;:&quot;fadeIn&quot;,&quot;animation_delay&quot;:200}\">\n\t\t\t\t\t\t<div class=\"elementor-container elementor-column-gap-default\">\n\t\t\t\t\t<div class=\"elementor-column elementor-col-33 elementor-inner-column elementor-element elementor-element-847cb27 elementor-invisible\" data-id=\"847cb27\" data-element_type=\"column\" data-e-type=\"column\" data-settings=\"{&quot;background_background&quot;:&quot;classic&quot;,&quot;animation&quot;:&quot;fadeInUp&quot;}\">\n\t\t\t<div class=\"elementor-widget-wrap elementor-element-populated\">\n\t\t\t\t\t<div class=\"elementor-background-overlay\"><\/div>\n\t\t\t\t\t\t<div class=\"elementor-element elementor-element-360511f7 elementor-widget elementor-widget-image\" data-id=\"360511f7\" data-element_type=\"widget\" data-e-type=\"widget\" data-widget_type=\"image.default\">\n\t\t\t\t<div class=\"elementor-widget-container\">\n\t\t\t\t\t\t\t\t\t\t\t\t\t\t\t\t<a href=\"https:\/\/pubelcallejonillescas.com\/wp-content\/uploads\/2024\/11\/Captura-desde-2024-11-19-11-42-34.png\" data-elementor-open-lightbox=\"yes\" data-elementor-lightbox-title=\"Captura desde 2024-11-19 11-42-34\" data-e-action-hash=\"#elementor-action%3Aaction%3Dlightbox%26settings%3DeyJpZCI6ODc1LCJ1cmwiOiJodHRwczpcL1wvcHViZWxjYWxsZWpvbmlsbGVzY2FzLmNvbVwvd3AtY29udGVudFwvdXBsb2Fkc1wvMjAyNFwvMTFcL0NhcHR1cmEtZGVzZGUtMjAyNC0xMS0xOS0xMS00Mi0zNC5wbmcifQ%3D%3D\">\n\t\t\t\t\t\t\t<img fetchpriority=\"high\" decoding=\"async\" width=\"331\" height=\"250\" src=\"https:\/\/pubelcallejonillescas.com\/wp-content\/uploads\/2024\/11\/Captura-desde-2024-11-19-11-42-34.png\" class=\"attachment-full size-full wp-image-875\" alt=\"\" srcset=\"https:\/\/pubelcallejonillescas.com\/wp-content\/uploads\/2024\/11\/Captura-desde-2024-11-19-11-42-34.png 331w, https:\/\/pubelcallejonillescas.com\/wp-content\/uploads\/2024\/11\/Captura-desde-2024-11-19-11-42-34-300x227.png 300w, https:\/\/pubelcallejonillescas.com\/wp-content\/uploads\/2024\/11\/Captura-desde-2024-11-19-11-42-34-16x12.png 16w\" sizes=\"(max-width: 331px) 100vw, 331px\" \/>\t\t\t\t\t\t\t\t<\/a>\n\t\t\t\t\t\t\t\t\t\t\t\t\t\t\t<\/div>\n\t\t\t\t<\/div>\n\t\t\t\t<div class=\"elementor-element elementor-element-4f1d7d64 elementor-widget elementor-widget-icon-box\" data-id=\"4f1d7d64\" data-element_type=\"widget\" data-e-type=\"widget\" data-widget_type=\"icon-box.default\">\n\t\t\t\t<div class=\"elementor-widget-container\">\n\t\t\t\t\t\t\t<div class=\"elementor-icon-box-wrapper\">\n\n\t\t\t\n\t\t\t\t\t\t<div class=\"elementor-icon-box-content\">\n\n\t\t\t\t\t\t\t\t\t<h5 class=\"elementor-icon-box-title\">\n\t\t\t\t\t\t<span  >\n\t\t\t\t\t\t\tBebidas\t\t\t\t\t\t<\/span>\n\t\t\t\t\t<\/h5>\n\t\t\t\t\n\t\t\t\t\n\t\t\t<\/div>\n\t\t\t\n\t\t<\/div>\n\t\t\t\t\t\t<\/div>\n\t\t\t\t<\/div>\n\t\t\t\t\t<\/div>\n\t\t<\/div>\n\t\t\t\t<div class=\"elementor-column elementor-col-33 elementor-inner-column elementor-element elementor-element-55c7a0ca elementor-invisible\" data-id=\"55c7a0ca\" data-element_type=\"column\" data-e-type=\"column\" data-settings=\"{&quot;background_background&quot;:&quot;classic&quot;,&quot;animation&quot;:&quot;fadeInUp&quot;,&quot;animation_delay&quot;:200}\">\n\t\t\t<div class=\"elementor-widget-wrap elementor-element-populated\">\n\t\t\t\t\t<div class=\"elementor-background-overlay\"><\/div>\n\t\t\t\t\t\t<div class=\"elementor-element elementor-element-4d6bbb99 elementor-widget elementor-widget-image\" data-id=\"4d6bbb99\" data-element_type=\"widget\" data-e-type=\"widget\" data-widget_type=\"image.default\">\n\t\t\t\t<div class=\"elementor-widget-container\">\n\t\t\t\t\t\t\t\t\t\t\t\t\t\t\t\t<a href=\"https:\/\/pubelcallejonillescas.com\/wp-content\/uploads\/2024\/11\/Captura-desde-2024-11-19-11-44-10.png\" data-elementor-open-lightbox=\"yes\" data-elementor-lightbox-title=\"Captura desde 2024-11-19 11-44-10\" data-e-action-hash=\"#elementor-action%3Aaction%3Dlightbox%26settings%3DeyJpZCI6ODc3LCJ1cmwiOiJodHRwczpcL1wvcHViZWxjYWxsZWpvbmlsbGVzY2FzLmNvbVwvd3AtY29udGVudFwvdXBsb2Fkc1wvMjAyNFwvMTFcL0NhcHR1cmEtZGVzZGUtMjAyNC0xMS0xOS0xMS00NC0xMC5wbmcifQ%3D%3D\">\n\t\t\t\t\t\t\t<img decoding=\"async\" width=\"945\" height=\"632\" src=\"https:\/\/pubelcallejonillescas.com\/wp-content\/uploads\/2024\/11\/Captura-desde-2024-11-19-11-44-10.png\" class=\"attachment-full size-full wp-image-877\" alt=\"\" srcset=\"https:\/\/pubelcallejonillescas.com\/wp-content\/uploads\/2024\/11\/Captura-desde-2024-11-19-11-44-10.png 945w, https:\/\/pubelcallejonillescas.com\/wp-content\/uploads\/2024\/11\/Captura-desde-2024-11-19-11-44-10-300x201.png 300w, https:\/\/pubelcallejonillescas.com\/wp-content\/uploads\/2024\/11\/Captura-desde-2024-11-19-11-44-10-768x514.png 768w, https:\/\/pubelcallejonillescas.com\/wp-content\/uploads\/2024\/11\/Captura-desde-2024-11-19-11-44-10-18x12.png 18w\" sizes=\"(max-width: 945px) 100vw, 945px\" \/>\t\t\t\t\t\t\t\t<\/a>\n\t\t\t\t\t\t\t\t\t\t\t\t\t\t\t<\/div>\n\t\t\t\t<\/div>\n\t\t\t\t<div class=\"elementor-element elementor-element-2855902 elementor-widget elementor-widget-icon-box\" data-id=\"2855902\" data-element_type=\"widget\" data-e-type=\"widget\" data-widget_type=\"icon-box.default\">\n\t\t\t\t<div class=\"elementor-widget-container\">\n\t\t\t\t\t\t\t<div class=\"elementor-icon-box-wrapper\">\n\n\t\t\t\n\t\t\t\t\t\t<div class=\"elementor-icon-box-content\">\n\n\t\t\t\t\t\t\t\t\t<h5 class=\"elementor-icon-box-title\">\n\t\t\t\t\t\t<span  >\n\t\t\t\t\t\t\tM\u00fasica\t\t\t\t\t\t<\/span>\n\t\t\t\t\t<\/h5>\n\t\t\t\t\n\t\t\t\t\n\t\t\t<\/div>\n\t\t\t\n\t\t<\/div>\n\t\t\t\t\t\t<\/div>\n\t\t\t\t<\/div>\n\t\t\t\t\t<\/div>\n\t\t<\/div>\n\t\t\t\t<div class=\"elementor-column elementor-col-33 elementor-inner-column elementor-element elementor-element-6e81d7c4 elementor-invisible\" data-id=\"6e81d7c4\" data-element_type=\"column\" data-e-type=\"column\" data-settings=\"{&quot;background_background&quot;:&quot;classic&quot;,&quot;animation&quot;:&quot;fadeInUp&quot;,&quot;animation_delay&quot;:400}\">\n\t\t\t<div class=\"elementor-widget-wrap elementor-element-populated\">\n\t\t\t\t\t<div class=\"elementor-background-overlay\"><\/div>\n\t\t\t\t\t\t<div class=\"elementor-element elementor-element-5c47c885 elementor-widget elementor-widget-image\" data-id=\"5c47c885\" data-element_type=\"widget\" data-e-type=\"widget\" data-widget_type=\"image.default\">\n\t\t\t\t<div class=\"elementor-widget-container\">\n\t\t\t\t\t\t\t\t\t\t\t\t\t\t\t\t<a href=\"https:\/\/pubelcallejonillescas.com\/wp-content\/uploads\/2024\/11\/Captura-desde-2024-11-19-11-48-43.png\" data-elementor-open-lightbox=\"yes\" data-elementor-lightbox-title=\"Captura desde 2024-11-19 11-48-43\" data-e-action-hash=\"#elementor-action%3Aaction%3Dlightbox%26settings%3DeyJpZCI6ODc4LCJ1cmwiOiJodHRwczpcL1wvcHViZWxjYWxsZWpvbmlsbGVzY2FzLmNvbVwvd3AtY29udGVudFwvdXBsb2Fkc1wvMjAyNFwvMTFcL0NhcHR1cmEtZGVzZGUtMjAyNC0xMS0xOS0xMS00OC00My5wbmcifQ%3D%3D\">\n\t\t\t\t\t\t\t<img decoding=\"async\" width=\"860\" height=\"670\" src=\"https:\/\/pubelcallejonillescas.com\/wp-content\/uploads\/2024\/11\/Captura-desde-2024-11-19-11-48-43.png\" class=\"attachment-full size-full wp-image-878\" alt=\"\" srcset=\"https:\/\/pubelcallejonillescas.com\/wp-content\/uploads\/2024\/11\/Captura-desde-2024-11-19-11-48-43.png 860w, https:\/\/pubelcallejonillescas.com\/wp-content\/uploads\/2024\/11\/Captura-desde-2024-11-19-11-48-43-300x234.png 300w, https:\/\/pubelcallejonillescas.com\/wp-content\/uploads\/2024\/11\/Captura-desde-2024-11-19-11-48-43-768x598.png 768w, https:\/\/pubelcallejonillescas.com\/wp-content\/uploads\/2024\/11\/Captura-desde-2024-11-19-11-48-43-15x12.png 15w\" sizes=\"(max-width: 860px) 100vw, 860px\" \/>\t\t\t\t\t\t\t\t<\/a>\n\t\t\t\t\t\t\t\t\t\t\t\t\t\t\t<\/div>\n\t\t\t\t<\/div>\n\t\t\t\t<div class=\"elementor-element elementor-element-278a2be0 elementor-widget elementor-widget-icon-box\" data-id=\"278a2be0\" data-element_type=\"widget\" data-e-type=\"widget\" data-widget_type=\"icon-box.default\">\n\t\t\t\t<div class=\"elementor-widget-container\">\n\t\t\t\t\t\t\t<div class=\"elementor-icon-box-wrapper\">\n\n\t\t\t\n\t\t\t\t\t\t<div class=\"elementor-icon-box-content\">\n\n\t\t\t\t\t\t\t\t\t<h5 class=\"elementor-icon-box-title\">\n\t\t\t\t\t\t<span  >\n\t\t\t\t\t\t\tJuegos Recreativos\t\t\t\t\t\t<\/span>\n\t\t\t\t\t<\/h5>\n\t\t\t\t\n\t\t\t\t\n\t\t\t<\/div>\n\t\t\t\n\t\t<\/div>\n\t\t\t\t\t\t<\/div>\n\t\t\t\t<\/div>\n\t\t\t\t\t<\/div>\n\t\t<\/div>\n\t\t\t\t\t<\/div>\n\t\t<\/section>\n\t\t\t\t\t<\/div>\n\t\t<\/div>\n\t\t\t\t\t<\/div>\n\t\t<\/section>\n\t\t\t\t<section class=\"elementor-section elementor-top-section elementor-element elementor-element-64a001b7 elementor-section-boxed elementor-section-height-default elementor-section-height-default\" data-id=\"64a001b7\" data-element_type=\"section\" data-e-type=\"section\">\n\t\t\t\t\t\t\t<div class=\"elementor-background-overlay\"><\/div>\n\t\t\t\t\t\t\t<div class=\"elementor-container elementor-column-gap-default\">\n\t\t\t\t\t<div class=\"elementor-column elementor-col-100 elementor-top-column elementor-element elementor-element-3419fe0f\" data-id=\"3419fe0f\" data-element_type=\"column\" data-e-type=\"column\">\n\t\t\t<div class=\"elementor-widget-wrap elementor-element-populated\">\n\t\t\t\t\t\t<div class=\"elementor-element elementor-element-ecd3051 elementor-widget-tablet__width-initial elementor-widget elementor-widget-heading\" data-id=\"ecd3051\" data-element_type=\"widget\" data-e-type=\"widget\" data-widget_type=\"heading.default\">\n\t\t\t\t<div class=\"elementor-widget-container\">\n\t\t\t\t\t<h4 class=\"elementor-heading-title elementor-size-default\">Desde 1995, somos una de las grandes referencias de la noche en Illescas. Aqu\u00ed encontrar\u00e1s el mejor ambiente con m\u00fasica que te har\u00e1 vibrar, copas, cervezas bien fr\u00edas, refrescos y diversi\u00f3n asegurada con juegos recreativos como la diana y los pods. \u00a1M\u00e1s de dos d\u00e9cadas haciendo de tus noches momentos inolvidables!<\/h4>\t\t\t\t<\/div>\n\t\t\t\t<\/div>\n\t\t\t\t\t<\/div>\n\t\t<\/div>\n\t\t\t\t\t<\/div>\n\t\t<\/section>\n\t\t\t\t<\/div>","protected":false},"excerpt":{"rendered":"<p>Bebidas M\u00fasica Juegos Recreativos Desde 1995, somos una de las grandes referencias de la noche en Illescas. Aqu\u00ed encontrar\u00e1s el mejor ambiente con m\u00fasica que te har\u00e1 vibrar, copas, cervezas bien fr\u00edas, refrescos y diversi\u00f3n asegurada con juegos recreativos como la diana y los pods. \u00a1M\u00e1s de dos d\u00e9cadas haciendo de tus noches momentos inolvidables!<\/p>","protected":false},"author":2,"featured_media":0,"parent":0,"menu_order":0,"comment_status":"closed","ping_status":"closed","template":"elementor_canvas","meta":{"footnotes":""},"class_list":["post-18","page","type-page","status-publish","hentry"],"yoast_head":"<!-- This site is optimized with the Yoast SEO plugin v27.3 - https:\/\/yoast.com\/product\/yoast-seo-wordpress\/ -->\n<title>Servicios - Pub El Callejon<\/title>\n<meta name=\"robots\" content=\"index, follow, max-snippet:-1, max-image-preview:large, max-video-preview:-1\" \/>\n<link rel=\"canonical\" href=\"https:\/\/pubelcallejonillescas.com\/en\/servicios\/\" \/>\n<meta property=\"og:locale\" content=\"en_US\" \/>\n<meta property=\"og:type\" content=\"article\" \/>\n<meta property=\"og:title\" content=\"Servicios - Pub El Callejon\" \/>\n<meta property=\"og:description\" content=\"Bebidas M\u00fasica Juegos Recreativos Desde 1995, somos una de las grandes referencias de la noche en Illescas. Aqu\u00ed encontrar\u00e1s el mejor ambiente con m\u00fasica que te har\u00e1 vibrar, copas, cervezas bien fr\u00edas, refrescos y diversi\u00f3n asegurada con juegos recreativos como la diana y los pods. \u00a1M\u00e1s de dos d\u00e9cadas haciendo de tus noches momentos inolvidables!\" \/>\n<meta property=\"og:url\" content=\"https:\/\/pubelcallejonillescas.com\/en\/servicios\/\" \/>\n<meta property=\"og:site_name\" content=\"Pub El Callejon\" \/>\n<meta property=\"article:modified_time\" content=\"2024-11-19T15:00:59+00:00\" \/>\n<meta property=\"og:image\" content=\"https:\/\/pubelcallejonillescas.com\/wp-content\/uploads\/2024\/11\/Captura-desde-2024-11-19-11-42-34.png\" \/>\n\t<meta property=\"og:image:width\" content=\"331\" \/>\n\t<meta property=\"og:image:height\" content=\"250\" \/>\n\t<meta property=\"og:image:type\" content=\"image\/png\" \/>\n<meta name=\"twitter:card\" content=\"summary_large_image\" \/>\n<meta name=\"twitter:label1\" content=\"Est. reading time\" \/>\n\t<meta name=\"twitter:data1\" content=\"1 minute\" \/>\n<script type=\"application\/ld+json\" class=\"yoast-schema-graph\">{\"@context\":\"https:\\\/\\\/schema.org\",\"@graph\":[{\"@type\":\"WebPage\",\"@id\":\"https:\\\/\\\/pubelcallejonillescas.com\\\/servicios\\\/\",\"url\":\"https:\\\/\\\/pubelcallejonillescas.com\\\/servicios\\\/\",\"name\":\"Servicios - Pub El Callejon\",\"isPartOf\":{\"@id\":\"https:\\\/\\\/pubelcallejonillescas.com\\\/#website\"},\"primaryImageOfPage\":{\"@id\":\"https:\\\/\\\/pubelcallejonillescas.com\\\/servicios\\\/#primaryimage\"},\"image\":{\"@id\":\"https:\\\/\\\/pubelcallejonillescas.com\\\/servicios\\\/#primaryimage\"},\"thumbnailUrl\":\"https:\\\/\\\/pubelcallejonillescas.com\\\/wp-content\\\/uploads\\\/2024\\\/11\\\/Captura-desde-2024-11-19-11-42-34.png\",\"datePublished\":\"2024-10-01T09:41:33+00:00\",\"dateModified\":\"2024-11-19T15:00:59+00:00\",\"breadcrumb\":{\"@id\":\"https:\\\/\\\/pubelcallejonillescas.com\\\/servicios\\\/#breadcrumb\"},\"inLanguage\":\"en-US\",\"potentialAction\":[{\"@type\":\"ReadAction\",\"target\":[\"https:\\\/\\\/pubelcallejonillescas.com\\\/servicios\\\/\"]}]},{\"@type\":\"ImageObject\",\"inLanguage\":\"en-US\",\"@id\":\"https:\\\/\\\/pubelcallejonillescas.com\\\/servicios\\\/#primaryimage\",\"url\":\"https:\\\/\\\/pubelcallejonillescas.com\\\/wp-content\\\/uploads\\\/2024\\\/11\\\/Captura-desde-2024-11-19-11-42-34.png\",\"contentUrl\":\"https:\\\/\\\/pubelcallejonillescas.com\\\/wp-content\\\/uploads\\\/2024\\\/11\\\/Captura-desde-2024-11-19-11-42-34.png\"},{\"@type\":\"BreadcrumbList\",\"@id\":\"https:\\\/\\\/pubelcallejonillescas.com\\\/servicios\\\/#breadcrumb\",\"itemListElement\":[{\"@type\":\"ListItem\",\"position\":1,\"name\":\"Portada\",\"item\":\"https:\\\/\\\/pubelcallejonillescas.com\\\/\"},{\"@type\":\"ListItem\",\"position\":2,\"name\":\"Servicios\"}]},{\"@type\":\"WebSite\",\"@id\":\"https:\\\/\\\/pubelcallejonillescas.com\\\/#website\",\"url\":\"https:\\\/\\\/pubelcallejonillescas.com\\\/\",\"name\":\"Pub El Callejon\",\"description\":\"\",\"publisher\":{\"@id\":\"https:\\\/\\\/pubelcallejonillescas.com\\\/#organization\"},\"potentialAction\":[{\"@type\":\"SearchAction\",\"target\":{\"@type\":\"EntryPoint\",\"urlTemplate\":\"https:\\\/\\\/pubelcallejonillescas.com\\\/?s={search_term_string}\"},\"query-input\":{\"@type\":\"PropertyValueSpecification\",\"valueRequired\":true,\"valueName\":\"search_term_string\"}}],\"inLanguage\":\"en-US\"},{\"@type\":\"Organization\",\"@id\":\"https:\\\/\\\/pubelcallejonillescas.com\\\/#organization\",\"name\":\"Pub El Callejon\",\"url\":\"https:\\\/\\\/pubelcallejonillescas.com\\\/\",\"logo\":{\"@type\":\"ImageObject\",\"inLanguage\":\"en-US\",\"@id\":\"https:\\\/\\\/pubelcallejonillescas.com\\\/#\\\/schema\\\/logo\\\/image\\\/\",\"url\":\"https:\\\/\\\/pubelcallejonillescas.com\\\/wp-content\\\/uploads\\\/2024\\\/11\\\/cropped-Design-sem-nome-2.png\",\"contentUrl\":\"https:\\\/\\\/pubelcallejonillescas.com\\\/wp-content\\\/uploads\\\/2024\\\/11\\\/cropped-Design-sem-nome-2.png\",\"width\":500,\"height\":176,\"caption\":\"Pub El Callejon\"},\"image\":{\"@id\":\"https:\\\/\\\/pubelcallejonillescas.com\\\/#\\\/schema\\\/logo\\\/image\\\/\"}}]}<\/script>\n<!-- \/ Yoast SEO plugin. -->","yoast_head_json":{"title":"Servicios - Pub El Callejon","robots":{"index":"index","follow":"follow","max-snippet":"max-snippet:-1","max-image-preview":"max-image-preview:large","max-video-preview":"max-video-preview:-1"},"canonical":"https:\/\/pubelcallejonillescas.com\/en\/servicios\/","og_locale":"en_US","og_type":"article","og_title":"Servicios - Pub El Callejon","og_description":"Bebidas M\u00fasica Juegos Recreativos Desde 1995, somos una de las grandes referencias de la noche en Illescas. Aqu\u00ed encontrar\u00e1s el mejor ambiente con m\u00fasica que te har\u00e1 vibrar, copas, cervezas bien fr\u00edas, refrescos y diversi\u00f3n asegurada con juegos recreativos como la diana y los pods. \u00a1M\u00e1s de dos d\u00e9cadas haciendo de tus noches momentos inolvidables!","og_url":"https:\/\/pubelcallejonillescas.com\/en\/servicios\/","og_site_name":"Pub El Callejon","article_modified_time":"2024-11-19T15:00:59+00:00","og_image":[{"width":331,"height":250,"url":"https:\/\/pubelcallejonillescas.com\/wp-content\/uploads\/2024\/11\/Captura-desde-2024-11-19-11-42-34.png","type":"image\/png"}],"twitter_card":"summary_large_image","twitter_misc":{"Est. reading time":"1 minute"},"schema":{"@context":"https:\/\/schema.org","@graph":[{"@type":"WebPage","@id":"https:\/\/pubelcallejonillescas.com\/servicios\/","url":"https:\/\/pubelcallejonillescas.com\/servicios\/","name":"Servicios - Pub El Callejon","isPartOf":{"@id":"https:\/\/pubelcallejonillescas.com\/#website"},"primaryImageOfPage":{"@id":"https:\/\/pubelcallejonillescas.com\/servicios\/#primaryimage"},"image":{"@id":"https:\/\/pubelcallejonillescas.com\/servicios\/#primaryimage"},"thumbnailUrl":"https:\/\/pubelcallejonillescas.com\/wp-content\/uploads\/2024\/11\/Captura-desde-2024-11-19-11-42-34.png","datePublished":"2024-10-01T09:41:33+00:00","dateModified":"2024-11-19T15:00:59+00:00","breadcrumb":{"@id":"https:\/\/pubelcallejonillescas.com\/servicios\/#breadcrumb"},"inLanguage":"en-US","potentialAction":[{"@type":"ReadAction","target":["https:\/\/pubelcallejonillescas.com\/servicios\/"]}]},{"@type":"ImageObject","inLanguage":"en-US","@id":"https:\/\/pubelcallejonillescas.com\/servicios\/#primaryimage","url":"https:\/\/pubelcallejonillescas.com\/wp-content\/uploads\/2024\/11\/Captura-desde-2024-11-19-11-42-34.png","contentUrl":"https:\/\/pubelcallejonillescas.com\/wp-content\/uploads\/2024\/11\/Captura-desde-2024-11-19-11-42-34.png"},{"@type":"BreadcrumbList","@id":"https:\/\/pubelcallejonillescas.com\/servicios\/#breadcrumb","itemListElement":[{"@type":"ListItem","position":1,"name":"Portada","item":"https:\/\/pubelcallejonillescas.com\/"},{"@type":"ListItem","position":2,"name":"Servicios"}]},{"@type":"WebSite","@id":"https:\/\/pubelcallejonillescas.com\/#website","url":"https:\/\/pubelcallejonillescas.com\/","name":"Pub El Callejon","description":"","publisher":{"@id":"https:\/\/pubelcallejonillescas.com\/#organization"},"potentialAction":[{"@type":"SearchAction","target":{"@type":"EntryPoint","urlTemplate":"https:\/\/pubelcallejonillescas.com\/?s={search_term_string}"},"query-input":{"@type":"PropertyValueSpecification","valueRequired":true,"valueName":"search_term_string"}}],"inLanguage":"en-US"},{"@type":"Organization","@id":"https:\/\/pubelcallejonillescas.com\/#organization","name":"Pub El Callejon","url":"https:\/\/pubelcallejonillescas.com\/","logo":{"@type":"ImageObject","inLanguage":"en-US","@id":"https:\/\/pubelcallejonillescas.com\/#\/schema\/logo\/image\/","url":"https:\/\/pubelcallejonillescas.com\/wp-content\/uploads\/2024\/11\/cropped-Design-sem-nome-2.png","contentUrl":"https:\/\/pubelcallejonillescas.com\/wp-content\/uploads\/2024\/11\/cropped-Design-sem-nome-2.png","width":500,"height":176,"caption":"Pub El Callejon"},"image":{"@id":"https:\/\/pubelcallejonillescas.com\/#\/schema\/logo\/image\/"}}]}},"_links":{"self":[{"href":"https:\/\/pubelcallejonillescas.com\/en\/wp-json\/wp\/v2\/pages\/18","targetHints":{"allow":["GET"]}}],"collection":[{"href":"https:\/\/pubelcallejonillescas.com\/en\/wp-json\/wp\/v2\/pages"}],"about":[{"href":"https:\/\/pubelcallejonillescas.com\/en\/wp-json\/wp\/v2\/types\/page"}],"author":[{"embeddable":true,"href":"https:\/\/pubelcallejonillescas.com\/en\/wp-json\/wp\/v2\/users\/2"}],"replies":[{"embeddable":true,"href":"https:\/\/pubelcallejonillescas.com\/en\/wp-json\/wp\/v2\/comments?post=18"}],"version-history":[{"count":285,"href":"https:\/\/pubelcallejonillescas.com\/en\/wp-json\/wp\/v2\/pages\/18\/revisions"}],"predecessor-version":[{"id":940,"href":"https:\/\/pubelcallejonillescas.com\/en\/wp-json\/wp\/v2\/pages\/18\/revisions\/940"}],"wp:attachment":[{"href":"https:\/\/pubelcallejonillescas.com\/en\/wp-json\/wp\/v2\/media?parent=18"}],"curies":[{"name":"wp","href":"https:\/\/api.w.org\/{rel}","templated":true}]}}